{"id":3420,"date":"2025-05-05T19:50:54","date_gmt":"2025-05-05T17:50:54","guid":{"rendered":"https:\/\/casaruralelhayedo.es\/actividades\/"},"modified":"2026-03-05T19:17:11","modified_gmt":"2026-03-05T18:17:11","slug":"activities","status":"publish","type":"page","link":"https:\/\/casaruralelhayedo.es\/en\/activities\/","title":{"rendered":"Activities"},"content":{"rendered":"\n<div class=\"wp-block-group borde is-layout-grid wp-container-core-group-is-layout-da7a6a80 wp-block-group-is-layout-grid\">\n<div class=\"wp-block-group wp-container-content-b4c5012d is-vertical is-layout-flex wp-container-core-group-is-layout-8cf370e7 wp-block-group-is-layout-flex\">\n<h3 class=\"wp-block-heading\"><strong>Naturaleza y Senderismo<\/strong><\/h3>\n\n\n\n<ul class=\"wp-block-list\">\n<li><strong>Rutas de senderismo<\/strong><br>Explora los Montes de Ayago y la Sierra de la Demanda con rutas se\u00f1alizadas para todos los niveles. Puedes consultar rutas detalladas en plataformas como <a href=\"https:\/\/es.wikiloc.com\/rutas\/senderismo\/espana\/la-rioja\/quintanar-de-rioja\">Wikiloc<\/a>.<br>\ud83c\udf38   \u2600\ufe0f   \ud83c\udf42<br><br><\/li>\n\n\n\n<li><strong>Paseos en bicicleta<\/strong> <br>Recorre caminos rurales y senderos entre vi\u00f1edos y paisajes monta\u00f1osos.<br>\ud83c\udf38   \u2600\ufe0f   \ud83c\udf42<br><br><\/li>\n\n\n\n<li><strong>Observaci\u00f3n de aves<\/strong><br>Disfruta del avistamiento de aves en zonas como el Embalse de La Grajera.<br>\ud83c\udf38   \ud83c\udf42<br><br><\/li>\n<\/ul>\n\n\n\n<div style=\"height:0px\" aria-hidden=\"true\" class=\"wp-block-spacer wp-container-content-b30579f5\"><\/div>\n<\/div>\n\n\n\n<div class=\"wp-block-group pila-margen is-vertical is-layout-flex wp-container-core-group-is-layout-8cad6afd wp-block-group-is-layout-flex\">\n<h3 class=\"wp-block-heading\"><strong>Cultura y Patrimonio<\/strong><\/h3>\n\n\n\n<ul class=\"wp-block-list\">\n<li><strong>Monasterios de San Mill\u00e1n de la Cogolla<\/strong> <br>Visita los monasterios de Yuso y Suso, declarados Patrimonio de la Humanidad.<br>\ud83d\udcc6<br><br><\/li>\n\n\n\n<li><strong>Ezcaray y pueblos con encanto<\/strong> <br>Descubre la arquitectura popular y la historia de localidades cercanas.<br>\ud83d\udcc6<br><br><\/li>\n<\/ul>\n\n\n\n<div style=\"height:0px\" aria-hidden=\"true\" class=\"wp-block-spacer wp-container-content-b30579f5\"><\/div>\n<\/div>\n\n\n\n<div class=\"wp-block-group is-vertical is-layout-flex wp-container-core-group-is-layout-8cf370e7 wp-block-group-is-layout-flex\">\n<h3 class=\"wp-block-heading\"><strong>Enoturismo y Gastronom\u00eda<\/strong><\/h3>\n\n\n\n<ul class=\"wp-block-list\">\n<li><strong>Ruta del Vino de Rioja Alta<\/strong> <br>Visita bodegas con catas y maridajes en Haro, Briones y Cuzcurrita del R\u00edo Tir\u00f3n.<br>\ud83c\udf38   \u2600\ufe0f   \ud83c\udf42<br><br><\/li>\n\n\n\n<li><strong>Museo Vivanco de la Cultura del Vino<\/strong> <br>En Briones, ofrece una experiencia completa sobre el mundo del vino.<br>\ud83d\udcc6<br><br><\/li>\n\n\n\n<li><strong>Gastronom\u00eda local<\/strong> <br>Degusta platos tradicionales en Ezcaray y otros pueblos cercanos.<br>\ud83d\udcc6<br><br><\/li>\n<\/ul>\n\n\n\n<div style=\"height:0px\" aria-hidden=\"true\" class=\"wp-block-spacer wp-container-content-b30579f5\"><\/div>\n<\/div>\n\n\n\n<div class=\"wp-block-group pila-margen is-vertical is-layout-flex wp-container-core-group-is-layout-8cf370e7 wp-block-group-is-layout-flex\">\n<h3 class=\"wp-block-heading\"><strong>Deporte y Aventura<\/strong><\/h3>\n\n\n\n<ul class=\"wp-block-list\">\n<li><strong>Estaci\u00f3n de esqu\u00ed de Valdezcaray<\/strong> <br>Practica esqu\u00ed y snowboard en la principal estaci\u00f3n de La Rioja.<br>\u2744\ufe0f<br><br><\/li>\n\n\n\n<li><strong>Rutas en bicicleta de monta\u00f1a (MTB)<\/strong><br>Aprovecha los senderos de la Sierra de la Demanda para el ciclismo de monta\u00f1a.<br>\ud83c\udf38   \u2600\ufe0f   \ud83c\udf42<br><br><\/li>\n\n\n\n<li><strong>Paseos a caballo<\/strong> <br>Explora la naturaleza a caballo en rutas organizadas por la zona.<br>\ud83c\udf38   \u2600\ufe0f   \ud83c\udf42<br><br><\/li>\n<\/ul>\n\n\n\n<div style=\"height:0px\" aria-hidden=\"true\" class=\"wp-block-spacer wp-container-content-b30579f5\"><\/div>\n<\/div>\n<\/div>\n\n\n\n<h2 class=\"wp-block-heading\"><strong>Actividades para hacer con ni\u00f1os<\/strong><\/h2>\n\n\n\n<div class=\"wp-block-group is-vertical is-layout-flex wp-container-core-group-is-layout-8cf370e7 wp-block-group-is-layout-flex\">\n<h3 class=\"wp-block-heading\"><strong>\ud83e\udd95 Yacimientos de Atapuerca y CAREX (Ibeas de Juarros)<\/strong><\/h3>\n\n\n\n<ul class=\"wp-block-list\">\n<li><strong>Visitas guiadas a los yacimientos<\/strong>: Descubre la Sima del Elefante, la Galer\u00eda y la Gran Dolina en una visita adaptada para ni\u00f1os mayores de 5 a\u00f1os.&nbsp;<br><\/li>\n\n\n\n<li><strong>Talleres en el CAREX<\/strong>: Participa en actividades como la elaboraci\u00f3n de colgantes con conchas y piedras o la creaci\u00f3n de tejidos sencillos con lana.&nbsp;<\/li>\n<\/ul>\n\n\n\n<div style=\"height:0px\" aria-hidden=\"true\" class=\"wp-block-spacer wp-container-content-b30579f5\"><\/div>\n<\/div>\n\n\n\n<div class=\"wp-block-group is-vertical is-layout-flex wp-container-core-group-is-layout-8cf370e7 wp-block-group-is-layout-flex\">\n<h3 class=\"wp-block-heading\"><strong>\ud83e\udd89 Parque Zool\u00f3gico Rioja Natura (Santo Domingo de la Calzada)<\/strong><\/h3>\n\n\n\n<ul class=\"wp-block-list\">\n<li><strong>Visitas guiadas<\/strong>: Disfruta de un recorrido de aproximadamente 1 hora y media con vuelo de rapaces incluido.&nbsp;<br><\/li>\n\n\n\n<li><strong>Aula de la naturaleza<\/strong>: Espacio interactivo multimedia pensado para aprender y compartir algunos de los secretos de nuestro entorno natural.&nbsp;<\/li>\n<\/ul>\n\n\n\n<div style=\"height:0px\" aria-hidden=\"true\" class=\"wp-block-spacer wp-container-content-b30579f5\"><\/div>\n<\/div>\n\n\n\n<div class=\"wp-block-group is-vertical is-layout-flex wp-container-core-group-is-layout-8cf370e7 wp-block-group-is-layout-flex\">\n<h3 class=\"wp-block-heading\"><strong>\ud83d\ude82 Safari Paleol\u00edtico Vivo (Salg\u00fcero de Juarros)<\/strong><\/h3>\n\n\n\n<ul class=\"wp-block-list\">\n<li><strong>Visita en Jeep\/Vag\u00f3n<\/strong>: Forma parte de una expedici\u00f3n en un todoterreno de 10 plazas o en vag\u00f3n tipo tren de 25 plazas al m\u00e1s puro estilo de safari africano.&nbsp;<\/li>\n<\/ul>\n\n\n\n<div style=\"height:0px\" aria-hidden=\"true\" class=\"wp-block-spacer wp-container-content-b30579f5\"><\/div>\n<\/div>\n\n\n\n<div style=\"height:50px\" aria-hidden=\"true\" class=\"wp-block-spacer\"><\/div>\n\n\n\n<h4 class=\"wp-block-heading\"><strong>Temporada de las actividades<\/strong><\/h4>\n\n\n\n<div class=\"wp-block-group is-layout-grid wp-container-core-group-is-layout-3844d78f wp-block-group-is-layout-grid\">\n<p class=\"has-small-font-size\">\ud83c\udf38 primavera<\/p>\n\n\n\n<p class=\"has-small-font-size\">\u2600\ufe0f verano<\/p>\n\n\n\n<p class=\"has-small-font-size\">\ud83c\udf42 oto\u00f1o<\/p>\n\n\n\n<p class=\"has-small-font-size\">\u2744\ufe0f invierno<\/p>\n\n\n\n<p class=\"has-small-font-size\">\ud83d\udcc6 todo el a\u00f1o<\/p>\n<\/div>\n","protected":false},"excerpt":{"rendered":"<p>Naturaleza y Senderismo Cultura y Patrimonio Enoturismo y Gastronom\u00eda Deporte y Aventura Actividades para hacer con ni\u00f1os \ud83e\udd95 Yacimientos de Atapuerca y CAREX (Ibeas de Juarros) \ud83e\udd89 Parque Zool\u00f3gico Rioja Natura (Santo Domingo de la Calzada) \ud83d\ude82 Safari Paleol\u00edtico Vivo (Salg\u00fcero de Juarros) Temporada de las actividades \ud83c\udf38 primavera \u2600\ufe0f verano \ud83c\udf42 oto\u00f1o \u2744\ufe0f invierno [&hellip;]<\/p>\n","protected":false},"author":1,"featured_media":0,"parent":0,"menu_order":2,"comment_status":"closed","ping_status":"closed","template":"","meta":{"footnotes":""},"class_list":["post-3420","page","type-page","status-publish","hentry"],"yoast_head":"<!-- This site is optimized with the Yoast SEO plugin v25.3.1 - https:\/\/yoast.com\/wordpress\/plugins\/seo\/ -->\n<title>Activities in La Rioja | Casa Rural El Hayedo<\/title>\n<meta name=\"description\" content=\"Hiking, wine tourism, dinosaur trails and skiing near Casa Rural El Hayedo. Plans for families and groups all year round.\" \/>\n<meta name=\"robots\" content=\"index, follow, max-snippet:-1, max-image-preview:large, max-video-preview:-1\" \/>\n<link rel=\"canonical\" href=\"https:\/\/casaruralelhayedo.es\/en\/activities\/\" \/>\n<meta property=\"og:locale\" content=\"en_GB\" \/>\n<meta property=\"og:type\" content=\"article\" \/>\n<meta property=\"og:title\" content=\"Activities in La Rioja | Casa Rural El Hayedo\" \/>\n<meta property=\"og:description\" content=\"Hiking, wine tourism, dinosaur trails and skiing near Casa Rural El Hayedo. Plans for families and groups all year round.\" \/>\n<meta property=\"og:url\" content=\"https:\/\/casaruralelhayedo.es\/en\/activities\/\" \/>\n<meta property=\"og:site_name\" content=\"Casa Rural El Hayedo de los Sue\u00f1os\" \/>\n<meta property=\"article:modified_time\" content=\"2026-03-05T18:17:11+00:00\" \/>\n<meta property=\"og:image\" content=\"https:\/\/casaruralelhayedo.es\/wp-content\/uploads\/logo-1.png\" \/>\n\t<meta property=\"og:image:width\" content=\"717\" \/>\n\t<meta property=\"og:image:height\" content=\"171\" \/>\n\t<meta property=\"og:image:type\" content=\"image\/png\" \/>\n<meta name=\"twitter:card\" content=\"summary_large_image\" \/>\n<meta name=\"twitter:label1\" content=\"Estimated reading time\" \/>\n\t<meta name=\"twitter:data1\" content=\"2 minutes\" \/>\n<script type=\"application\/ld+json\" class=\"yoast-schema-graph\">{\"@context\":\"https:\/\/schema.org\",\"@graph\":[{\"@type\":\"WebPage\",\"@id\":\"https:\/\/casaruralelhayedo.es\/en\/activities\/\",\"url\":\"https:\/\/casaruralelhayedo.es\/en\/activities\/\",\"name\":\"Activities in La Rioja | Casa Rural El Hayedo\",\"isPartOf\":{\"@id\":\"https:\/\/casaruralelhayedo.es\/#website\"},\"datePublished\":\"2025-05-05T17:50:54+00:00\",\"dateModified\":\"2026-03-05T18:17:11+00:00\",\"description\":\"Hiking, wine tourism, dinosaur trails and skiing near Casa Rural El Hayedo. Plans for families and groups all year round.\",\"breadcrumb\":{\"@id\":\"https:\/\/casaruralelhayedo.es\/en\/activities\/#breadcrumb\"},\"inLanguage\":\"en-GB\",\"potentialAction\":[{\"@type\":\"ReadAction\",\"target\":[\"https:\/\/casaruralelhayedo.es\/en\/activities\/\"]}]},{\"@type\":\"BreadcrumbList\",\"@id\":\"https:\/\/casaruralelhayedo.es\/en\/activities\/#breadcrumb\",\"itemListElement\":[{\"@type\":\"ListItem\",\"position\":1,\"name\":\"Portada\",\"item\":\"https:\/\/casaruralelhayedo.es\/en\/\"},{\"@type\":\"ListItem\",\"position\":2,\"name\":\"Activities\"}]},{\"@type\":\"WebSite\",\"@id\":\"https:\/\/casaruralelhayedo.es\/#website\",\"url\":\"https:\/\/casaruralelhayedo.es\/\",\"name\":\"Casa Rural El Hayedo de los Sue\u00f1os\",\"description\":\"Casa rural con encanto en La Rioja\",\"publisher\":{\"@id\":\"https:\/\/casaruralelhayedo.es\/#organization\"},\"potentialAction\":[{\"@type\":\"SearchAction\",\"target\":{\"@type\":\"EntryPoint\",\"urlTemplate\":\"https:\/\/casaruralelhayedo.es\/?s={search_term_string}\"},\"query-input\":{\"@type\":\"PropertyValueSpecification\",\"valueRequired\":true,\"valueName\":\"search_term_string\"}}],\"inLanguage\":\"en-GB\"},{\"@type\":\"Organization\",\"@id\":\"https:\/\/casaruralelhayedo.es\/#organization\",\"name\":\"Casa Rural El Hayedo de los Sue\u00f1os\",\"url\":\"https:\/\/casaruralelhayedo.es\/\",\"logo\":{\"@type\":\"ImageObject\",\"inLanguage\":\"en-GB\",\"@id\":\"https:\/\/casaruralelhayedo.es\/#\/schema\/logo\/image\/\",\"url\":\"https:\/\/casaruralelhayedo.es\/wp-content\/uploads\/logo-1.png\",\"contentUrl\":\"https:\/\/casaruralelhayedo.es\/wp-content\/uploads\/logo-1.png\",\"width\":717,\"height\":171,\"caption\":\"Casa Rural El Hayedo de los Sue\u00f1os\"},\"image\":{\"@id\":\"https:\/\/casaruralelhayedo.es\/#\/schema\/logo\/image\/\"}}]}<\/script>\n<!-- \/ Yoast SEO plugin. -->","yoast_head_json":{"title":"Activities in La Rioja | Casa Rural El Hayedo","description":"Hiking, wine tourism, dinosaur trails and skiing near Casa Rural El Hayedo. Plans for families and groups all year round.","robots":{"index":"index","follow":"follow","max-snippet":"max-snippet:-1","max-image-preview":"max-image-preview:large","max-video-preview":"max-video-preview:-1"},"canonical":"https:\/\/casaruralelhayedo.es\/en\/activities\/","og_locale":"en_GB","og_type":"article","og_title":"Activities in La Rioja | Casa Rural El Hayedo","og_description":"Hiking, wine tourism, dinosaur trails and skiing near Casa Rural El Hayedo. Plans for families and groups all year round.","og_url":"https:\/\/casaruralelhayedo.es\/en\/activities\/","og_site_name":"Casa Rural El Hayedo de los Sue\u00f1os","article_modified_time":"2026-03-05T18:17:11+00:00","og_image":[{"width":717,"height":171,"url":"https:\/\/casaruralelhayedo.es\/wp-content\/uploads\/logo-1.png","type":"image\/png"}],"twitter_card":"summary_large_image","twitter_misc":{"Estimated reading time":"2 minutes"},"schema":{"@context":"https:\/\/schema.org","@graph":[{"@type":"WebPage","@id":"https:\/\/casaruralelhayedo.es\/en\/activities\/","url":"https:\/\/casaruralelhayedo.es\/en\/activities\/","name":"Activities in La Rioja | Casa Rural El Hayedo","isPartOf":{"@id":"https:\/\/casaruralelhayedo.es\/#website"},"datePublished":"2025-05-05T17:50:54+00:00","dateModified":"2026-03-05T18:17:11+00:00","description":"Hiking, wine tourism, dinosaur trails and skiing near Casa Rural El Hayedo. Plans for families and groups all year round.","breadcrumb":{"@id":"https:\/\/casaruralelhayedo.es\/en\/activities\/#breadcrumb"},"inLanguage":"en-GB","potentialAction":[{"@type":"ReadAction","target":["https:\/\/casaruralelhayedo.es\/en\/activities\/"]}]},{"@type":"BreadcrumbList","@id":"https:\/\/casaruralelhayedo.es\/en\/activities\/#breadcrumb","itemListElement":[{"@type":"ListItem","position":1,"name":"Portada","item":"https:\/\/casaruralelhayedo.es\/en\/"},{"@type":"ListItem","position":2,"name":"Activities"}]},{"@type":"WebSite","@id":"https:\/\/casaruralelhayedo.es\/#website","url":"https:\/\/casaruralelhayedo.es\/","name":"Casa Rural El Hayedo de los Sue\u00f1os","description":"Casa rural con encanto en La Rioja","publisher":{"@id":"https:\/\/casaruralelhayedo.es\/#organization"},"potentialAction":[{"@type":"SearchAction","target":{"@type":"EntryPoint","urlTemplate":"https:\/\/casaruralelhayedo.es\/?s={search_term_string}"},"query-input":{"@type":"PropertyValueSpecification","valueRequired":true,"valueName":"search_term_string"}}],"inLanguage":"en-GB"},{"@type":"Organization","@id":"https:\/\/casaruralelhayedo.es\/#organization","name":"Casa Rural El Hayedo de los Sue\u00f1os","url":"https:\/\/casaruralelhayedo.es\/","logo":{"@type":"ImageObject","inLanguage":"en-GB","@id":"https:\/\/casaruralelhayedo.es\/#\/schema\/logo\/image\/","url":"https:\/\/casaruralelhayedo.es\/wp-content\/uploads\/logo-1.png","contentUrl":"https:\/\/casaruralelhayedo.es\/wp-content\/uploads\/logo-1.png","width":717,"height":171,"caption":"Casa Rural El Hayedo de los Sue\u00f1os"},"image":{"@id":"https:\/\/casaruralelhayedo.es\/#\/schema\/logo\/image\/"}}]}},"_links":{"self":[{"href":"https:\/\/casaruralelhayedo.es\/en\/wp-json\/wp\/v2\/pages\/3420","targetHints":{"allow":["GET"]}}],"collection":[{"href":"https:\/\/casaruralelhayedo.es\/en\/wp-json\/wp\/v2\/pages"}],"about":[{"href":"https:\/\/casaruralelhayedo.es\/en\/wp-json\/wp\/v2\/types\/page"}],"author":[{"embeddable":true,"href":"https:\/\/casaruralelhayedo.es\/en\/wp-json\/wp\/v2\/users\/1"}],"replies":[{"embeddable":true,"href":"https:\/\/casaruralelhayedo.es\/en\/wp-json\/wp\/v2\/comments?post=3420"}],"version-history":[{"count":4,"href":"https:\/\/casaruralelhayedo.es\/en\/wp-json\/wp\/v2\/pages\/3420\/revisions"}],"predecessor-version":[{"id":3428,"href":"https:\/\/casaruralelhayedo.es\/en\/wp-json\/wp\/v2\/pages\/3420\/revisions\/3428"}],"wp:attachment":[{"href":"https:\/\/casaruralelhayedo.es\/en\/wp-json\/wp\/v2\/media?parent=3420"}],"curies":[{"name":"wp","href":"https:\/\/api.w.org\/{rel}","templated":true}]}}