{"id":3454,"date":"2020-10-25T13:15:02","date_gmt":"2020-10-25T12:15:02","guid":{"rendered":"https:\/\/casaruralelhayedo.es\/terminos-y-condiciones\/"},"modified":"2026-03-06T18:52:33","modified_gmt":"2026-03-06T17:52:33","slug":"terms-and-conditions","status":"publish","type":"page","link":"https:\/\/casaruralelhayedo.es\/en\/terms-and-conditions\/","title":{"rendered":"Terms and Conditions"},"content":{"rendered":"\n<div class=\"wp-block-group\"><div class=\"wp-block-group__inner-container is-layout-constrained wp-block-group-is-layout-constrained\">\n<div style=\"height:33px\" aria-hidden=\"true\" class=\"wp-block-spacer\"><\/div>\n\n\n\n<p style=\"font-size:24px\"><strong>Introducci\u00f3n<\/strong><\/p>\n\n\n\n<p>Las presentes condiciones generales de uso de la p\u00e1gina web, regulan los t\u00e9rminos y condiciones de acceso y uso de <a href=\"https:\/\/casaruralelhayedo.es\/en\/\">casaruralelhayedo.es<\/a>, propiedad de Raquel Cerezo Rodr\u00edguez, con domicilio en Quintanar de Rioja y con NIF 16587598K, en adelante, \u00abla <em>propietaria<\/em>\u00bb, que el <em>usuario<\/em> del <em>portal<\/em> deber\u00e1 de leer y aceptar para usar todos los servicios e informaci\u00f3n que se facilitan desde el <em>portal<\/em>.&nbsp;El mero acceso y\/o utilizaci\u00f3n del <em>portal<\/em>, de todos o parte de sus contenidos y\/o servicios significa la plena aceptaci\u00f3n de las presentes condiciones generales de uso.&nbsp;<\/p>\n\n\n\n<div style=\"height:33px\" aria-hidden=\"true\" class=\"wp-block-spacer\"><\/div>\n<\/div><\/div>\n\n\n\n<div class=\"wp-block-group\"><div class=\"wp-block-group__inner-container is-layout-constrained wp-block-group-is-layout-constrained\">\n<p style=\"font-size:24px\"><strong>Condiciones de uso<\/strong><\/p>\n\n\n\n<p>Las presentes condiciones generales de uso del <em>portal<\/em> regulan el acceso y la utilizaci\u00f3n del <em>portal<\/em>, incluyendo los contenidos y los servicios puestos a disposici\u00f3n de los <em>usuarios<\/em> en y\/o a trav\u00e9s del <em>portal<\/em>, bien por el <em>portal<\/em>, bien por sus <em>usuarios<\/em>, bien por terceros. No obstante, el acceso y la utilizaci\u00f3n de ciertos contenidos y\/o servicios puede encontrarse sometido a determinadas condiciones espec\u00edficas.<\/p>\n\n\n\n<div style=\"height:33px\" aria-hidden=\"true\" class=\"wp-block-spacer\"><\/div>\n<\/div><\/div>\n\n\n\n<div class=\"wp-block-group\"><div class=\"wp-block-group__inner-container is-layout-constrained wp-block-group-is-layout-constrained\">\n<p style=\"font-size:24px\"><strong>Modificaciones<\/strong><\/p>\n\n\n\n<p>La <em><em>propietaria<\/em><\/em> se reserva la facultad de modificar en cualquier momento las condiciones generales de uso del <em>portal<\/em>. En todo caso, se recomienda que consulte peri\u00f3dicamente los presentes&nbsp;t\u00e9rminos de uso del <em>portal<\/em>, ya que pueden ser modificados.<\/p>\n\n\n\n<div style=\"height:33px\" aria-hidden=\"true\" class=\"wp-block-spacer\"><\/div>\n<\/div><\/div>\n\n\n\n<div class=\"wp-block-group\"><div class=\"wp-block-group__inner-container is-layout-constrained wp-block-group-is-layout-constrained\">\n<p style=\"font-size:24px\"><strong>Obligaciones del <em>Usuario<\/em><\/strong><\/p>\n\n\n\n<p>El <em>usuario<\/em> deber\u00e1 respetar en todo momento los t\u00e9rminos y condiciones establecidos en las presentes condiciones generales de uso del <em>portal<\/em>. De forma expresa el <em>usuario<\/em> manifiesta que utilizar\u00e1 el <em>portal<\/em> de forma diligente y asumiendo cualquier responsabilidad que pudiera derivarse del incumplimiento de las normas.<\/p>\n\n\n\n<p>As\u00ed mismo, el <em>usuario<\/em> no podr\u00e1 utilizar el <em>portal<\/em> para transmitir, almacenar, divulgar promover o distribuir datos o contenidos que sean portadores de virus o cualquier otro c\u00f3digo inform\u00e1tico, archivos o programas dise\u00f1ados para interrumpir, destruir o perjudicar el funcionamiento de cualquier programa o equipo inform\u00e1tico o de telecomunicaciones.<\/p>\n\n\n\n<div style=\"height:33px\" aria-hidden=\"true\" class=\"wp-block-spacer\"><\/div>\n<\/div><\/div>\n\n\n\n<div class=\"wp-block-group\"><div class=\"wp-block-group__inner-container is-layout-constrained wp-block-group-is-layout-constrained\">\n<p style=\"font-size:24px\"><strong>Responsabilidad del <em>portal<\/em><\/strong><\/p>\n\n\n\n<p>El <em>usuario<\/em> conoce y acepta que el <em>portal<\/em> no otorga ninguna garant\u00eda de cualquier naturaleza, ya sea expresa o impl\u00edcita, sobre los datos, contenidos, informaci\u00f3n y servicios que se incorporan y ofrecen desde el <em>portal<\/em>.<\/p>\n\n\n\n<p>Exceptuando los casos que la Ley imponga expresamente lo contrario, y exclusivamente con la medida y extensi\u00f3n en que lo imponga, el <em>portal<\/em> no garantiza ni asume responsabilidad alguna respecto a los posibles da\u00f1os y perjuicios causados por el uso y utilizaci\u00f3n de la informaci\u00f3n, datos y servicios del <em>portal<\/em>.<\/p>\n\n\n\n<p>En todo caso, el <em>portal<\/em> excluye cualquier responsabilidad por los da\u00f1os y perjuicios que puedan deberse a la informaci\u00f3n y\/o servicios prestados o suministrados por terceros diferentes de la <em><em>propietaria<\/em><\/em>. Toda responsabilidad ser\u00e1 del tercero ya sea proveedor o&nbsp;colaborador.<\/p>\n\n\n\n<div style=\"height:33px\" aria-hidden=\"true\" class=\"wp-block-spacer\"><\/div>\n<\/div><\/div>\n\n\n\n<div class=\"wp-block-group\"><div class=\"wp-block-group__inner-container is-layout-constrained wp-block-group-is-layout-constrained\">\n<p style=\"font-size:24px\"><strong>Propiedad intelectual e industrial<\/strong><\/p>\n\n\n\n<p>Todos los contenidos, marcas, logos, dibujos, documentaci\u00f3n, programas inform\u00e1ticos o cualquier otro elemento susceptible de protecci\u00f3n por la legislaci\u00f3n de propiedad intelectual o industrial, que sean accesibles en el <em>portal<\/em> corresponden exclusivamente a la <em><em>propietaria<\/em><\/em> o a sus leg\u00edtimos titulares y quedan expresamente reservados todos los derechos sobre los mismos. Queda expresamente prohibida la creaci\u00f3n de enlaces de hipertexto (links) a cualquier elemento integrante de las p\u00e1ginas web del <em>portal<\/em> sin la autorizaci\u00f3n de la <em><em>propietaria<\/em><\/em>, siempre que no sean a una p\u00e1gina web del <em>portal<\/em> que no requiera identificaci\u00f3n o autenticaci\u00f3n para su acceso, o el mismo est\u00e9 restringido.<\/p>\n\n\n\n<p>En cualquier caso, el <em>portal<\/em> se reserva todos los derechos sobre los contenidos, informaci\u00f3n datos y servicios que ostente sobre los mismos. El <em>portal<\/em> no concede ninguna licencia o autorizaci\u00f3n de uso al <em>usuario<\/em> sobre sus contenidos, datos o servicios, distinta de la que expresamente se detalle en las presentes condiciones generales de uso del <em>portal<\/em>.<\/p>\n\n\n\n<div style=\"height:33px\" aria-hidden=\"true\" class=\"wp-block-spacer\"><\/div>\n<\/div><\/div>\n\n\n\n<div class=\"wp-block-group\"><div class=\"wp-block-group__inner-container is-layout-constrained wp-block-group-is-layout-constrained\">\n<p style=\"font-size:24px\"><strong>Legislaci\u00f3n aplicable, jurisdicci\u00f3n competente y notificaciones<\/strong><\/p>\n\n\n\n<p>Las presentes condiciones se rigen y se interpretan de acuerdo con las Leyes de Espa\u00f1a. Para cualquier reclamaci\u00f3n ser\u00e1n competentes los juzgados y tribunales de La Rioja. Todas las notificaciones, requerimientos, peticiones y otras comunicaciones que el <em>usuario<\/em> desee efectuar a la <em><em>propietaria<\/em><\/em> titular del <em>portal<\/em> deber\u00e1n realizarse por escrito y se entender\u00e1 que han sido correctamente realizadas cuando hayan sido recibidas en la siguiente direcci\u00f3n <a href=\"mailto:info@casaruralelhayedo.es\">info@casaruralelhayedo.es<\/a>.<\/p>\n\n\n\n<div style=\"height:33px\" aria-hidden=\"true\" class=\"wp-block-spacer\"><\/div>\n<\/div><\/div>\n","protected":false},"excerpt":{"rendered":"<p>Introducci\u00f3n Las presentes condiciones generales de uso de la p\u00e1gina web, regulan los t\u00e9rminos y condiciones de acceso y uso de casaruralelhayedo.es, propiedad de Raquel Cerezo Rodr\u00edguez, con domicilio en Quintanar de Rioja y con NIF 16587598K, en adelante, \u00abla propietaria\u00bb, que el usuario del portal deber\u00e1 de leer y aceptar para usar todos los [&hellip;]<\/p>\n","protected":false},"author":1,"featured_media":0,"parent":0,"menu_order":96,"comment_status":"closed","ping_status":"closed","template":"","meta":{"footnotes":""},"class_list":["post-3454","page","type-page","status-publish","hentry"],"yoast_head":"<!-- This site is optimized with the Yoast SEO plugin v25.3.1 - https:\/\/yoast.com\/wordpress\/plugins\/seo\/ -->\n<title>Terms and Conditions - Casa Rural El Hayedo de los Sue\u00f1os<\/title>\n<meta name=\"robots\" content=\"noindex, nofollow\" \/>\n<meta property=\"og:locale\" content=\"en_GB\" \/>\n<meta property=\"og:type\" content=\"article\" \/>\n<meta property=\"og:title\" content=\"Terms and Conditions - Casa Rural El Hayedo de los Sue\u00f1os\" \/>\n<meta property=\"og:description\" content=\"Introducci\u00f3n Las presentes condiciones generales de uso de la p\u00e1gina web, regulan los t\u00e9rminos y condiciones de acceso y uso de casaruralelhayedo.es, propiedad de Raquel Cerezo Rodr\u00edguez, con domicilio en Quintanar de Rioja y con NIF 16587598K, en adelante, \u00abla propietaria\u00bb, que el usuario del portal deber\u00e1 de leer y aceptar para usar todos los [&hellip;]\" \/>\n<meta property=\"og:url\" content=\"https:\/\/casaruralelhayedo.es\/en\/terms-and-conditions\/\" \/>\n<meta property=\"og:site_name\" content=\"Casa Rural El Hayedo de los Sue\u00f1os\" \/>\n<meta property=\"article:modified_time\" content=\"2026-03-06T17:52:33+00:00\" \/>\n<meta property=\"og:image\" content=\"https:\/\/casaruralelhayedo.es\/wp-content\/uploads\/logo-1.png\" \/>\n\t<meta property=\"og:image:width\" content=\"717\" \/>\n\t<meta property=\"og:image:height\" content=\"171\" \/>\n\t<meta property=\"og:image:type\" content=\"image\/png\" \/>\n<meta name=\"twitter:card\" content=\"summary_large_image\" \/>\n<meta name=\"twitter:label1\" content=\"Estimated reading time\" \/>\n\t<meta name=\"twitter:data1\" content=\"4 minutes\" \/>\n<script type=\"application\/ld+json\" class=\"yoast-schema-graph\">{\"@context\":\"https:\/\/schema.org\",\"@graph\":[{\"@type\":\"WebPage\",\"@id\":\"https:\/\/casaruralelhayedo.es\/en\/terms-and-conditions\/\",\"url\":\"https:\/\/casaruralelhayedo.es\/en\/terms-and-conditions\/\",\"name\":\"Terms and Conditions - Casa Rural El Hayedo de los Sue\u00f1os\",\"isPartOf\":{\"@id\":\"https:\/\/casaruralelhayedo.es\/#website\"},\"datePublished\":\"2020-10-25T12:15:02+00:00\",\"dateModified\":\"2026-03-06T17:52:33+00:00\",\"breadcrumb\":{\"@id\":\"https:\/\/casaruralelhayedo.es\/en\/terms-and-conditions\/#breadcrumb\"},\"inLanguage\":\"en-GB\",\"potentialAction\":[{\"@type\":\"ReadAction\",\"target\":[\"https:\/\/casaruralelhayedo.es\/en\/terms-and-conditions\/\"]}]},{\"@type\":\"BreadcrumbList\",\"@id\":\"https:\/\/casaruralelhayedo.es\/en\/terms-and-conditions\/#breadcrumb\",\"itemListElement\":[{\"@type\":\"ListItem\",\"position\":1,\"name\":\"Portada\",\"item\":\"https:\/\/casaruralelhayedo.es\/en\/\"},{\"@type\":\"ListItem\",\"position\":2,\"name\":\"Terms and Conditions\"}]},{\"@type\":\"WebSite\",\"@id\":\"https:\/\/casaruralelhayedo.es\/#website\",\"url\":\"https:\/\/casaruralelhayedo.es\/\",\"name\":\"Casa Rural El Hayedo de los Sue\u00f1os\",\"description\":\"Casa rural con encanto en La Rioja\",\"publisher\":{\"@id\":\"https:\/\/casaruralelhayedo.es\/#organization\"},\"potentialAction\":[{\"@type\":\"SearchAction\",\"target\":{\"@type\":\"EntryPoint\",\"urlTemplate\":\"https:\/\/casaruralelhayedo.es\/?s={search_term_string}\"},\"query-input\":{\"@type\":\"PropertyValueSpecification\",\"valueRequired\":true,\"valueName\":\"search_term_string\"}}],\"inLanguage\":\"en-GB\"},{\"@type\":\"Organization\",\"@id\":\"https:\/\/casaruralelhayedo.es\/#organization\",\"name\":\"Casa Rural El Hayedo de los Sue\u00f1os\",\"url\":\"https:\/\/casaruralelhayedo.es\/\",\"logo\":{\"@type\":\"ImageObject\",\"inLanguage\":\"en-GB\",\"@id\":\"https:\/\/casaruralelhayedo.es\/#\/schema\/logo\/image\/\",\"url\":\"https:\/\/casaruralelhayedo.es\/wp-content\/uploads\/logo-1.png\",\"contentUrl\":\"https:\/\/casaruralelhayedo.es\/wp-content\/uploads\/logo-1.png\",\"width\":717,\"height\":171,\"caption\":\"Casa Rural El Hayedo de los Sue\u00f1os\"},\"image\":{\"@id\":\"https:\/\/casaruralelhayedo.es\/#\/schema\/logo\/image\/\"}}]}<\/script>\n<!-- \/ Yoast SEO plugin. -->","yoast_head_json":{"title":"Terms and Conditions - Casa Rural El Hayedo de los Sue\u00f1os","robots":{"index":"noindex","follow":"nofollow"},"og_locale":"en_GB","og_type":"article","og_title":"Terms and Conditions - Casa Rural El Hayedo de los Sue\u00f1os","og_description":"Introducci\u00f3n Las presentes condiciones generales de uso de la p\u00e1gina web, regulan los t\u00e9rminos y condiciones de acceso y uso de casaruralelhayedo.es, propiedad de Raquel Cerezo Rodr\u00edguez, con domicilio en Quintanar de Rioja y con NIF 16587598K, en adelante, \u00abla propietaria\u00bb, que el usuario del portal deber\u00e1 de leer y aceptar para usar todos los [&hellip;]","og_url":"https:\/\/casaruralelhayedo.es\/en\/terms-and-conditions\/","og_site_name":"Casa Rural El Hayedo de los Sue\u00f1os","article_modified_time":"2026-03-06T17:52:33+00:00","og_image":[{"width":717,"height":171,"url":"https:\/\/casaruralelhayedo.es\/wp-content\/uploads\/logo-1.png","type":"image\/png"}],"twitter_card":"summary_large_image","twitter_misc":{"Estimated reading time":"4 minutes"},"schema":{"@context":"https:\/\/schema.org","@graph":[{"@type":"WebPage","@id":"https:\/\/casaruralelhayedo.es\/en\/terms-and-conditions\/","url":"https:\/\/casaruralelhayedo.es\/en\/terms-and-conditions\/","name":"Terms and Conditions - Casa Rural El Hayedo de los Sue\u00f1os","isPartOf":{"@id":"https:\/\/casaruralelhayedo.es\/#website"},"datePublished":"2020-10-25T12:15:02+00:00","dateModified":"2026-03-06T17:52:33+00:00","breadcrumb":{"@id":"https:\/\/casaruralelhayedo.es\/en\/terms-and-conditions\/#breadcrumb"},"inLanguage":"en-GB","potentialAction":[{"@type":"ReadAction","target":["https:\/\/casaruralelhayedo.es\/en\/terms-and-conditions\/"]}]},{"@type":"BreadcrumbList","@id":"https:\/\/casaruralelhayedo.es\/en\/terms-and-conditions\/#breadcrumb","itemListElement":[{"@type":"ListItem","position":1,"name":"Portada","item":"https:\/\/casaruralelhayedo.es\/en\/"},{"@type":"ListItem","position":2,"name":"Terms and Conditions"}]},{"@type":"WebSite","@id":"https:\/\/casaruralelhayedo.es\/#website","url":"https:\/\/casaruralelhayedo.es\/","name":"Casa Rural El Hayedo de los Sue\u00f1os","description":"Casa rural con encanto en La Rioja","publisher":{"@id":"https:\/\/casaruralelhayedo.es\/#organization"},"potentialAction":[{"@type":"SearchAction","target":{"@type":"EntryPoint","urlTemplate":"https:\/\/casaruralelhayedo.es\/?s={search_term_string}"},"query-input":{"@type":"PropertyValueSpecification","valueRequired":true,"valueName":"search_term_string"}}],"inLanguage":"en-GB"},{"@type":"Organization","@id":"https:\/\/casaruralelhayedo.es\/#organization","name":"Casa Rural El Hayedo de los Sue\u00f1os","url":"https:\/\/casaruralelhayedo.es\/","logo":{"@type":"ImageObject","inLanguage":"en-GB","@id":"https:\/\/casaruralelhayedo.es\/#\/schema\/logo\/image\/","url":"https:\/\/casaruralelhayedo.es\/wp-content\/uploads\/logo-1.png","contentUrl":"https:\/\/casaruralelhayedo.es\/wp-content\/uploads\/logo-1.png","width":717,"height":171,"caption":"Casa Rural El Hayedo de los Sue\u00f1os"},"image":{"@id":"https:\/\/casaruralelhayedo.es\/#\/schema\/logo\/image\/"}}]}},"_links":{"self":[{"href":"https:\/\/casaruralelhayedo.es\/en\/wp-json\/wp\/v2\/pages\/3454","targetHints":{"allow":["GET"]}}],"collection":[{"href":"https:\/\/casaruralelhayedo.es\/en\/wp-json\/wp\/v2\/pages"}],"about":[{"href":"https:\/\/casaruralelhayedo.es\/en\/wp-json\/wp\/v2\/types\/page"}],"author":[{"embeddable":true,"href":"https:\/\/casaruralelhayedo.es\/en\/wp-json\/wp\/v2\/users\/1"}],"replies":[{"embeddable":true,"href":"https:\/\/casaruralelhayedo.es\/en\/wp-json\/wp\/v2\/comments?post=3454"}],"version-history":[{"count":2,"href":"https:\/\/casaruralelhayedo.es\/en\/wp-json\/wp\/v2\/pages\/3454\/revisions"}],"predecessor-version":[{"id":3477,"href":"https:\/\/casaruralelhayedo.es\/en\/wp-json\/wp\/v2\/pages\/3454\/revisions\/3477"}],"wp:attachment":[{"href":"https:\/\/casaruralelhayedo.es\/en\/wp-json\/wp\/v2\/media?parent=3454"}],"curies":[{"name":"wp","href":"https:\/\/api.w.org\/{rel}","templated":true}]}}